{"id":687,"date":"2023-02-23T09:39:29","date_gmt":"2023-02-23T12:39:29","guid":{"rendered":"https:\/\/allpumps.com.ar\/intraxweb\/?page_id=687"},"modified":"2025-06-23T09:33:44","modified_gmt":"2025-06-23T12:33:44","slug":"mining","status":"publish","type":"page","link":"http:\/\/intraxglobal.com\/es\/mining\/","title":{"rendered":"Mining"},"content":{"rendered":"<div data-elementor-type=\"wp-page\" data-elementor-id=\"687\" class=\"elementor elementor-687\" data-elementor-post-type=\"page\">\n\t\t\t\t\t\t<section class=\"elementor-section elementor-top-section elementor-element elementor-element-d760d87 elementor-section-boxed elementor-section-height-default elementor-section-height-default\" data-id=\"d760d87\" data-element_type=\"section\" data-settings=\"{&quot;jet_parallax_layout_list&quot;:[]}\">\n\t\t\t\t\t\t<div class=\"elementor-container elementor-column-gap-default\">\n\t\t\t\t\t<div class=\"elementor-column elementor-col-100 elementor-top-column elementor-element elementor-element-5fc1777\" data-id=\"5fc1777\" data-element_type=\"column\">\n\t\t\t<div class=\"elementor-widget-wrap elementor-element-populated\">\n\t\t\t\t\t\t<div class=\"elementor-element elementor-element-0f32140 elementor-widget elementor-widget-heading\" data-id=\"0f32140\" data-element_type=\"widget\" data-widget_type=\"heading.default\">\n\t\t\t\t<div class=\"elementor-widget-container\">\n\t\t\t\t\t<h2 class=\"elementor-heading-title elementor-size-default\">MINER\u00cdA<\/h2>\t\t\t\t<\/div>\n\t\t\t\t<\/div>\n\t\t\t\t\t<\/div>\n\t\t<\/div>\n\t\t\t\t\t<\/div>\n\t\t<\/section>\n\t\t\t\t<section class=\"elementor-section elementor-top-section elementor-element elementor-element-bf8a047 elementor-section-full_width elementor-section-height-default elementor-section-height-default\" data-id=\"bf8a047\" data-element_type=\"section\" data-settings=\"{&quot;jet_parallax_layout_list&quot;:[]}\">\n\t\t\t\t\t\t<div class=\"elementor-container elementor-column-gap-no\">\n\t\t\t\t\t<div class=\"elementor-column elementor-col-50 elementor-top-column elementor-element elementor-element-3ebf38d\" data-id=\"3ebf38d\" data-element_type=\"column\">\n\t\t\t<div class=\"elementor-widget-wrap\">\n\t\t\t\t\t\t\t<\/div>\n\t\t<\/div>\n\t\t\t\t<div class=\"elementor-column elementor-col-50 elementor-top-column elementor-element elementor-element-6d4675d\" data-id=\"6d4675d\" data-element_type=\"column\" data-settings=\"{&quot;background_background&quot;:&quot;classic&quot;}\">\n\t\t\t<div class=\"elementor-widget-wrap elementor-element-populated\">\n\t\t\t\t\t\t<div class=\"elementor-element elementor-element-6ab43c7 elementor-widget elementor-widget-spacer\" data-id=\"6ab43c7\" data-element_type=\"widget\" data-widget_type=\"spacer.default\">\n\t\t\t\t<div class=\"elementor-widget-container\">\n\t\t\t\t\t\t\t<div class=\"elementor-spacer\">\n\t\t\t<div class=\"elementor-spacer-inner\"><\/div>\n\t\t<\/div>\n\t\t\t\t\t\t<\/div>\n\t\t\t\t<\/div>\n\t\t\t\t\t<\/div>\n\t\t<\/div>\n\t\t\t\t\t<\/div>\n\t\t<\/section>\n\t\t\t\t<section class=\"elementor-section elementor-top-section elementor-element elementor-element-6c16875 elementor-section-boxed elementor-section-height-default elementor-section-height-default\" data-id=\"6c16875\" data-element_type=\"section\" data-settings=\"{&quot;jet_parallax_layout_list&quot;:[]}\">\n\t\t\t\t\t\t<div class=\"elementor-container elementor-column-gap-default\">\n\t\t\t\t\t<div class=\"elementor-column elementor-col-100 elementor-top-column elementor-element elementor-element-4bddbdf\" data-id=\"4bddbdf\" data-element_type=\"column\">\n\t\t\t<div class=\"elementor-widget-wrap elementor-element-populated\">\n\t\t\t\t\t\t<div class=\"elementor-element elementor-element-1256618 elementor-widget elementor-widget-text-editor\" data-id=\"1256618\" data-element_type=\"widget\" data-widget_type=\"text-editor.default\">\n\t\t\t\t<div class=\"elementor-widget-container\">\n\t\t\t\t\t\t\t\t\t<p style=\"font-weight: 400;\">Algunas de las aplicaciones de bombeo m\u00e1s exigentes se encuentran en la miner\u00eda.<\/p><p style=\"font-weight: 400;\">El sector minero presenta una amplia variedad de requerimientos en sistemas de bombeo, y en Intrax hemos decidido especializarnos en este rubro. Nuestro enfoque est\u00e1 orientado a lograr ahorros sostenidos en el tiempo, a trav\u00e9s de cadenas de suministro eficientes, mayor vida \u00fatil de los equipos y mejor rendimiento energ\u00e9tico.\u00a0<\/p><p style=\"font-weight: 400;\">Los productos de Intrax est\u00e1n presentes en todo el proceso, desde el desagote en el frente de mina hasta la planta qu\u00edmica, donde la combinaci\u00f3n de fluidos corrosivos y abrasivos genera un entorno especialmente desafiante para los equipos.\n\nEn yacimientos remotos, donde el acceso a repuestos y servicios puede ser limitado, aportamos soluciones dise\u00f1adas para minimizar el tiempo de inactividad.\u00a0<\/p><p style=\"font-weight: 400;\">Las empresas del grupo Intrax se destacan por su enfoque flexible y personalizado, con la capacidad de adaptarse a los requerimientos espec\u00edficos de cada sitio, sin la burocracia habitual de los grandes proveedores multinacionales.\u00a0<\/p>\t\t\t\t\t\t\t\t<\/div>\n\t\t\t\t<\/div>\n\t\t\t\t\t<\/div>\n\t\t<\/div>\n\t\t\t\t\t<\/div>\n\t\t<\/section>\n\t\t\t\t<section class=\"elementor-section elementor-top-section elementor-element elementor-element-f2906b1 elementor-section-boxed elementor-section-height-default elementor-section-height-default\" data-id=\"f2906b1\" data-element_type=\"section\" data-settings=\"{&quot;background_background&quot;:&quot;classic&quot;,&quot;jet_parallax_layout_list&quot;:[]}\">\n\t\t\t\t\t\t<div class=\"elementor-container elementor-column-gap-default\">\n\t\t\t\t\t<div class=\"elementor-column elementor-col-100 elementor-top-column elementor-element elementor-element-e9a3345\" data-id=\"e9a3345\" data-element_type=\"column\">\n\t\t\t<div class=\"elementor-widget-wrap elementor-element-populated\">\n\t\t\t\t\t\t<div class=\"elementor-element elementor-element-22e9627 elementor-widget elementor-widget-heading\" data-id=\"22e9627\" data-element_type=\"widget\" data-widget_type=\"heading.default\">\n\t\t\t\t<div class=\"elementor-widget-container\">\n\t\t\t\t\t<h2 class=\"elementor-heading-title elementor-size-default\">CASOS DE \u00c9XTITO<\/h2>\t\t\t\t<\/div>\n\t\t\t\t<\/div>\n\t\t\t\t\t<\/div>\n\t\t<\/div>\n\t\t\t\t\t<\/div>\n\t\t<\/section>\n\t\t\t\t<section class=\"elementor-section elementor-top-section elementor-element elementor-element-2b93662 elementor-section-boxed elementor-section-height-default elementor-section-height-default\" data-id=\"2b93662\" data-element_type=\"section\" data-settings=\"{&quot;background_background&quot;:&quot;classic&quot;,&quot;jet_parallax_layout_list&quot;:[]}\">\n\t\t\t\t\t\t<div class=\"elementor-container elementor-column-gap-default\">\n\t\t\t\t\t<div class=\"elementor-column elementor-col-100 elementor-top-column elementor-element elementor-element-68d1b8b\" data-id=\"68d1b8b\" data-element_type=\"column\">\n\t\t\t<div class=\"elementor-widget-wrap elementor-element-populated\">\n\t\t\t\t\t\t<div class=\"elementor-element elementor-element-81bf1d8 elementor-widget elementor-widget-jet-listing-grid\" data-id=\"81bf1d8\" data-element_type=\"widget\" data-settings=\"{&quot;columns&quot;:3,&quot;columns_tablet&quot;:&quot;2&quot;,&quot;columns_mobile&quot;:&quot;1&quot;}\" data-widget_type=\"jet-listing-grid.default\">\n\t\t\t\t<div class=\"elementor-widget-container\">\n\t\t\t\t\t<div class=\"jet-listing-grid jet-listing\"><div class=\"jet-listing-grid__items grid-col-desk-3 grid-col-tablet-2 grid-col-mobile-1 jet-listing-grid--339\" data-queried-id=\"687|WP_Post\" data-nav=\"{&quot;enabled&quot;:false,&quot;type&quot;:null,&quot;more_el&quot;:null,&quot;query&quot;:[],&quot;widget_settings&quot;:{&quot;lisitng_id&quot;:339,&quot;posts_num&quot;:6,&quot;columns&quot;:3,&quot;columns_tablet&quot;:2,&quot;columns_mobile&quot;:1,&quot;column_min_width&quot;:240,&quot;column_min_width_tablet&quot;:240,&quot;column_min_width_mobile&quot;:240,&quot;inline_columns_css&quot;:false,&quot;is_archive_template&quot;:&quot;&quot;,&quot;post_status&quot;:[&quot;publish&quot;],&quot;use_random_posts_num&quot;:&quot;&quot;,&quot;max_posts_num&quot;:9,&quot;not_found_message&quot;:&quot;No data was found&quot;,&quot;is_masonry&quot;:false,&quot;equal_columns_height&quot;:&quot;&quot;,&quot;use_load_more&quot;:&quot;&quot;,&quot;load_more_id&quot;:&quot;&quot;,&quot;load_more_type&quot;:&quot;click&quot;,&quot;load_more_offset&quot;:{&quot;unit&quot;:&quot;px&quot;,&quot;size&quot;:0,&quot;sizes&quot;:[]},&quot;use_custom_post_types&quot;:&quot;&quot;,&quot;custom_post_types&quot;:[],&quot;hide_widget_if&quot;:&quot;&quot;,&quot;carousel_enabled&quot;:&quot;&quot;,&quot;slides_to_scroll&quot;:&quot;1&quot;,&quot;arrows&quot;:&quot;true&quot;,&quot;arrow_icon&quot;:&quot;fa fa-angle-left&quot;,&quot;dots&quot;:&quot;&quot;,&quot;autoplay&quot;:&quot;true&quot;,&quot;pause_on_hover&quot;:&quot;true&quot;,&quot;autoplay_speed&quot;:5000,&quot;infinite&quot;:&quot;true&quot;,&quot;center_mode&quot;:&quot;&quot;,&quot;effect&quot;:&quot;slide&quot;,&quot;speed&quot;:500,&quot;inject_alternative_items&quot;:&quot;&quot;,&quot;injection_items&quot;:[],&quot;scroll_slider_enabled&quot;:&quot;&quot;,&quot;scroll_slider_on&quot;:[&quot;desktop&quot;,&quot;tablet&quot;,&quot;mobile&quot;],&quot;custom_query&quot;:false,&quot;custom_query_id&quot;:&quot;&quot;,&quot;_element_id&quot;:&quot;&quot;,&quot;collapse_first_last_gap&quot;:false,&quot;list_tag_selection&quot;:&quot;&quot;,&quot;list_items_wrapper_tag&quot;:&quot;div&quot;,&quot;list_item_tag&quot;:&quot;div&quot;,&quot;empty_items_wrapper_tag&quot;:&quot;div&quot;}}\" data-page=\"1\" data-pages=\"1\" data-listing-source=\"posts\" data-listing-id=\"339\" data-query-id=\"\"><div class=\"jet-listing-grid__item jet-listing-dynamic-post-950\" data-post-id=\"950\"  >\t\t<div data-elementor-type=\"jet-listing-items\" data-elementor-id=\"339\" class=\"elementor elementor-339\" data-elementor-post-type=\"jet-engine\">\n\t\t\t\t\t\t<section class=\"elementor-section elementor-top-section elementor-element elementor-element-a9bbd94 elementor-section-boxed elementor-section-height-default elementor-section-height-default\" data-id=\"a9bbd94\" data-element_type=\"section\" data-settings=\"{&quot;jet_parallax_layout_list&quot;:[]}\">\n\t\t\t\t\t\t<div class=\"elementor-container elementor-column-gap-default\">\n\t\t\t\t\t<div class=\"elementor-column elementor-col-100 elementor-top-column elementor-element elementor-element-1aa8b6f\" data-id=\"1aa8b6f\" data-element_type=\"column\">\n\t\t\t<div class=\"elementor-widget-wrap elementor-element-populated\">\n\t\t\t\t\t\t<div class=\"elementor-element elementor-element-e55480a elementor-widget elementor-widget-image\" data-id=\"e55480a\" data-element_type=\"widget\" data-widget_type=\"image.default\">\n\t\t\t\t<div class=\"elementor-widget-container\">\n\t\t\t\t\t\t\t\t\t\t\t\t\t\t\t\t<a href=\"http:\/\/intraxglobal.com\/es\/Cases-of-Study\/slurrypro-pumps-solve-challenges-in-mining-flotation-circuit\/\">\n\t\t\t\t\t\t\t<img fetchpriority=\"high\" decoding=\"async\" width=\"950\" height=\"712\" src=\"https:\/\/intraxglobal.com\/wp-content\/uploads\/2023\/07\/slurryprocase01.jpg\" class=\"attachment-full size-full wp-image-1124\" alt=\"\" srcset=\"https:\/\/intraxglobal.com\/wp-content\/uploads\/2023\/07\/slurryprocase01.jpg 950w, https:\/\/intraxglobal.com\/wp-content\/uploads\/2023\/07\/slurryprocase01-300x225.jpg 300w, https:\/\/intraxglobal.com\/wp-content\/uploads\/2023\/07\/slurryprocase01-768x576.jpg 768w\" sizes=\"(max-width: 950px) 100vw, 950px\" \/>\t\t\t\t\t\t\t\t<\/a>\n\t\t\t\t\t\t\t\t\t\t\t\t\t\t\t<\/div>\n\t\t\t\t<\/div>\n\t\t\t\t<div class=\"elementor-element elementor-element-d5499b7 elementor-widget elementor-widget-heading\" data-id=\"d5499b7\" data-element_type=\"widget\" data-widget_type=\"heading.default\">\n\t\t\t\t<div class=\"elementor-widget-container\">\n\t\t\t\t\t<h2 class=\"elementor-heading-title elementor-size-default\"><a href=\"http:\/\/intraxglobal.com\/es\/Cases-of-Study\/slurrypro-pumps-solve-challenges-in-mining-flotation-circuit\/\">Bombas SlurryPro\nresuelven abrasi\u00f3n en el\nbombeo de pulpa mineral<\/a><\/h2>\t\t\t\t<\/div>\n\t\t\t\t<\/div>\n\t\t\t\t<div class=\"elementor-element elementor-element-3d058ef elementor-widget elementor-widget-text-editor\" data-id=\"3d058ef\" data-element_type=\"widget\" data-widget_type=\"text-editor.default\">\n\t\t\t\t<div class=\"elementor-widget-container\">\n\t\t\t\t\t\t\t\t\tUna importante empresa minera dedicada a la extracci\u00f3n de oro y plata contaba con dos bombas verticales para rebombear la pulpa minera hacia una celda de flotaci\u00f3n\u2026\t\t\t\t\t\t\t\t<\/div>\n\t\t\t\t<\/div>\n\t\t\t\t<div class=\"elementor-element elementor-element-e67bd31 elementor-widget elementor-widget-button\" data-id=\"e67bd31\" data-element_type=\"widget\" data-widget_type=\"button.default\">\n\t\t\t\t<div class=\"elementor-widget-container\">\n\t\t\t\t\t\t\t\t\t<div class=\"elementor-button-wrapper\">\n\t\t\t\t\t<a class=\"elementor-button elementor-button-link elementor-size-sm\" href=\"http:\/\/intraxglobal.com\/es\/Cases-of-Study\/slurrypro-pumps-solve-challenges-in-mining-flotation-circuit\/\">\n\t\t\t\t\t\t<span class=\"elementor-button-content-wrapper\">\n\t\t\t\t\t\t\t\t\t<span class=\"elementor-button-text\">LEER M\u00c1S<\/span>\n\t\t\t\t\t<\/span>\n\t\t\t\t\t<\/a>\n\t\t\t\t<\/div>\n\t\t\t\t\t\t\t\t<\/div>\n\t\t\t\t<\/div>\n\t\t\t\t\t<\/div>\n\t\t<\/div>\n\t\t\t\t\t<\/div>\n\t\t<\/section>\n\t\t\t\t<\/div>\n\t\t<\/div><\/div><\/div>\t\t\t\t<\/div>\n\t\t\t\t<\/div>\n\t\t\t\t\t<\/div>\n\t\t<\/div>\n\t\t\t\t\t<\/div>\n\t\t<\/section>\n\t\t\t\t<\/div>","protected":false},"excerpt":{"rendered":"<p>MINING Some of the most demanding pump applications are found in mining. There are a wide range of pump requirements in the mining sector and we\u2019ve made this a main area to specialise in. Our approach is driven by long term cost savings driven by effective supply chains, longer wear life and energy efficiency.\u00a0 Intrax [&hellip;]<\/p>","protected":false},"author":1,"featured_media":0,"parent":0,"menu_order":0,"comment_status":"closed","ping_status":"closed","template":"","meta":{"inline_featured_image":false,"footnotes":""},"class_list":["post-687","page","type-page","status-publish","hentry"],"yoast_head":"<!-- This site is optimized with the Yoast SEO plugin v25.4 - https:\/\/yoast.com\/wordpress\/plugins\/seo\/ -->\n<title>Mining - Intrax<\/title>\n<meta name=\"robots\" content=\"index, follow, max-snippet:-1, max-image-preview:large, max-video-preview:-1\" \/>\n<link rel=\"canonical\" href=\"https:\/\/intraxglobal.com\/es\/mining\/\" \/>\n<meta property=\"og:locale\" content=\"es_ES\" \/>\n<meta property=\"og:type\" content=\"article\" \/>\n<meta property=\"og:title\" content=\"Mining - Intrax\" \/>\n<meta property=\"og:description\" content=\"MINING Some of the most demanding pump applications are found in mining. There are a wide range of pump requirements in the mining sector and we\u2019ve made this a main area to specialise in. Our approach is driven by long term cost savings driven by effective supply chains, longer wear life and energy efficiency.\u00a0 Intrax [&hellip;]\" \/>\n<meta property=\"og:url\" content=\"https:\/\/intraxglobal.com\/es\/mining\/\" \/>\n<meta property=\"og:site_name\" content=\"Intrax\" \/>\n<meta property=\"article:modified_time\" content=\"2025-06-23T12:33:44+00:00\" \/>\n<meta name=\"twitter:card\" content=\"summary_large_image\" \/>\n<meta name=\"twitter:label1\" content=\"Tiempo de lectura\" \/>\n\t<meta name=\"twitter:data1\" content=\"1 minuto\" \/>\n<script type=\"application\/ld+json\" class=\"yoast-schema-graph\">{\"@context\":\"https:\/\/schema.org\",\"@graph\":[{\"@type\":\"WebPage\",\"@id\":\"https:\/\/intraxglobal.com\/mining\/\",\"url\":\"https:\/\/intraxglobal.com\/mining\/\",\"name\":\"Mining - Intrax\",\"isPartOf\":{\"@id\":\"https:\/\/intraxglobal.com\/#website\"},\"datePublished\":\"2023-02-23T12:39:29+00:00\",\"dateModified\":\"2025-06-23T12:33:44+00:00\",\"breadcrumb\":{\"@id\":\"https:\/\/intraxglobal.com\/mining\/#breadcrumb\"},\"inLanguage\":\"es-AR\",\"potentialAction\":[{\"@type\":\"ReadAction\",\"target\":[\"https:\/\/intraxglobal.com\/mining\/\"]}]},{\"@type\":\"BreadcrumbList\",\"@id\":\"https:\/\/intraxglobal.com\/mining\/#breadcrumb\",\"itemListElement\":[{\"@type\":\"ListItem\",\"position\":1,\"name\":\"Inicio\",\"item\":\"https:\/\/intraxglobal.com\/\"},{\"@type\":\"ListItem\",\"position\":2,\"name\":\"Mining\"}]},{\"@type\":\"WebSite\",\"@id\":\"https:\/\/intraxglobal.com\/#website\",\"url\":\"https:\/\/intraxglobal.com\/\",\"name\":\"Intrax Global\",\"description\":\"Providing rapid solutions for industry\",\"publisher\":{\"@id\":\"https:\/\/intraxglobal.com\/#organization\"},\"potentialAction\":[{\"@type\":\"SearchAction\",\"target\":{\"@type\":\"EntryPoint\",\"urlTemplate\":\"https:\/\/intraxglobal.com\/?s={search_term_string}\"},\"query-input\":{\"@type\":\"PropertyValueSpecification\",\"valueRequired\":true,\"valueName\":\"search_term_string\"}}],\"inLanguage\":\"es-AR\"},{\"@type\":\"Organization\",\"@id\":\"https:\/\/intraxglobal.com\/#organization\",\"name\":\"Intrax Global\",\"url\":\"https:\/\/intraxglobal.com\/\",\"logo\":{\"@type\":\"ImageObject\",\"inLanguage\":\"es-AR\",\"@id\":\"https:\/\/intraxglobal.com\/#\/schema\/logo\/image\/\",\"url\":\"https:\/\/intraxglobal.com\/wp-content\/uploads\/2022\/12\/intrax-assets-01.svg\",\"contentUrl\":\"https:\/\/intraxglobal.com\/wp-content\/uploads\/2022\/12\/intrax-assets-01.svg\",\"width\":68,\"height\":68,\"caption\":\"Intrax Global\"},\"image\":{\"@id\":\"https:\/\/intraxglobal.com\/#\/schema\/logo\/image\/\"},\"sameAs\":[\"https:\/\/www.linkedin.com\/company\/intrax-global\/\"]}]}<\/script>\n<!-- \/ Yoast SEO plugin. -->","yoast_head_json":{"title":"Mining - Intrax","robots":{"index":"index","follow":"follow","max-snippet":"max-snippet:-1","max-image-preview":"max-image-preview:large","max-video-preview":"max-video-preview:-1"},"canonical":"https:\/\/intraxglobal.com\/es\/mining\/","og_locale":"es_ES","og_type":"article","og_title":"Mining - Intrax","og_description":"MINING Some of the most demanding pump applications are found in mining. There are a wide range of pump requirements in the mining sector and we\u2019ve made this a main area to specialise in. Our approach is driven by long term cost savings driven by effective supply chains, longer wear life and energy efficiency.\u00a0 Intrax [&hellip;]","og_url":"https:\/\/intraxglobal.com\/es\/mining\/","og_site_name":"Intrax","article_modified_time":"2025-06-23T12:33:44+00:00","twitter_card":"summary_large_image","twitter_misc":{"Tiempo de lectura":"1 minuto"},"schema":{"@context":"https:\/\/schema.org","@graph":[{"@type":"WebPage","@id":"https:\/\/intraxglobal.com\/mining\/","url":"https:\/\/intraxglobal.com\/mining\/","name":"Mining - Intrax","isPartOf":{"@id":"https:\/\/intraxglobal.com\/#website"},"datePublished":"2023-02-23T12:39:29+00:00","dateModified":"2025-06-23T12:33:44+00:00","breadcrumb":{"@id":"https:\/\/intraxglobal.com\/mining\/#breadcrumb"},"inLanguage":"es-AR","potentialAction":[{"@type":"ReadAction","target":["https:\/\/intraxglobal.com\/mining\/"]}]},{"@type":"BreadcrumbList","@id":"https:\/\/intraxglobal.com\/mining\/#breadcrumb","itemListElement":[{"@type":"ListItem","position":1,"name":"Inicio","item":"https:\/\/intraxglobal.com\/"},{"@type":"ListItem","position":2,"name":"Mining"}]},{"@type":"WebSite","@id":"https:\/\/intraxglobal.com\/#website","url":"https:\/\/intraxglobal.com\/","name":"Intrax Global","description":"Providing rapid solutions for industry","publisher":{"@id":"https:\/\/intraxglobal.com\/#organization"},"potentialAction":[{"@type":"SearchAction","target":{"@type":"EntryPoint","urlTemplate":"https:\/\/intraxglobal.com\/?s={search_term_string}"},"query-input":{"@type":"PropertyValueSpecification","valueRequired":true,"valueName":"search_term_string"}}],"inLanguage":"es-AR"},{"@type":"Organization","@id":"https:\/\/intraxglobal.com\/#organization","name":"Intrax Global","url":"https:\/\/intraxglobal.com\/","logo":{"@type":"ImageObject","inLanguage":"es-AR","@id":"https:\/\/intraxglobal.com\/#\/schema\/logo\/image\/","url":"https:\/\/intraxglobal.com\/wp-content\/uploads\/2022\/12\/intrax-assets-01.svg","contentUrl":"https:\/\/intraxglobal.com\/wp-content\/uploads\/2022\/12\/intrax-assets-01.svg","width":68,"height":68,"caption":"Intrax Global"},"image":{"@id":"https:\/\/intraxglobal.com\/#\/schema\/logo\/image\/"},"sameAs":["https:\/\/www.linkedin.com\/company\/intrax-global\/"]}]}},"_links":{"self":[{"href":"http:\/\/intraxglobal.com\/es\/wp-json\/wp\/v2\/pages\/687","targetHints":{"allow":["GET"]}}],"collection":[{"href":"http:\/\/intraxglobal.com\/es\/wp-json\/wp\/v2\/pages"}],"about":[{"href":"http:\/\/intraxglobal.com\/es\/wp-json\/wp\/v2\/types\/page"}],"author":[{"embeddable":true,"href":"http:\/\/intraxglobal.com\/es\/wp-json\/wp\/v2\/users\/1"}],"replies":[{"embeddable":true,"href":"http:\/\/intraxglobal.com\/es\/wp-json\/wp\/v2\/comments?post=687"}],"version-history":[{"count":37,"href":"http:\/\/intraxglobal.com\/es\/wp-json\/wp\/v2\/pages\/687\/revisions"}],"predecessor-version":[{"id":1530,"href":"http:\/\/intraxglobal.com\/es\/wp-json\/wp\/v2\/pages\/687\/revisions\/1530"}],"wp:attachment":[{"href":"http:\/\/intraxglobal.com\/es\/wp-json\/wp\/v2\/media?parent=687"}],"curies":[{"name":"wp","href":"https:\/\/api.w.org\/{rel}","templated":true}]}}