{"id":558,"date":"2023-02-07T13:49:22","date_gmt":"2023-02-07T16:49:22","guid":{"rendered":"https:\/\/allpumps.com.ar\/intraxweb\/?page_id=558"},"modified":"2025-07-01T10:09:46","modified_gmt":"2025-07-01T13:09:46","slug":"oceania","status":"publish","type":"page","link":"https:\/\/intraxglobal.com\/es\/oceania\/","title":{"rendered":"Oceania"},"content":{"rendered":"<div data-elementor-type=\"wp-page\" data-elementor-id=\"558\" class=\"elementor elementor-558\" data-elementor-post-type=\"page\">\n\t\t\t\t\t\t<section class=\"elementor-section elementor-top-section elementor-element elementor-element-d760d87 elementor-section-content-middle elementor-section-boxed elementor-section-height-default elementor-section-height-default\" data-id=\"d760d87\" data-element_type=\"section\" data-settings=\"{&quot;jet_parallax_layout_list&quot;:[]}\">\n\t\t\t\t\t\t<div class=\"elementor-container elementor-column-gap-default\">\n\t\t\t\t\t<div class=\"elementor-column elementor-col-50 elementor-top-column elementor-element elementor-element-5fc1777\" data-id=\"5fc1777\" data-element_type=\"column\">\n\t\t\t<div class=\"elementor-widget-wrap elementor-element-populated\">\n\t\t\t\t\t\t<div class=\"elementor-element elementor-element-a9acfc9 elementor-widget__width-initial elementor-widget elementor-widget-image\" data-id=\"a9acfc9\" data-element_type=\"widget\" data-widget_type=\"image.default\">\n\t\t\t\t<div class=\"elementor-widget-container\">\n\t\t\t\t\t\t\t\t\t\t\t\t\t\t\t<img decoding=\"async\" width=\"300\" height=\"103\" src=\"https:\/\/intraxglobal.com\/wp-content\/uploads\/2023\/02\/globalpumpslogo-300x103.png\" class=\"attachment-medium size-medium wp-image-560\" alt=\"\" srcset=\"https:\/\/intraxglobal.com\/wp-content\/uploads\/2023\/02\/globalpumpslogo-300x103.png 300w, https:\/\/intraxglobal.com\/wp-content\/uploads\/2023\/02\/globalpumpslogo.png 705w\" sizes=\"(max-width: 300px) 100vw, 300px\" \/>\t\t\t\t\t\t\t\t\t\t\t\t\t\t\t<\/div>\n\t\t\t\t<\/div>\n\t\t\t\t\t<\/div>\n\t\t<\/div>\n\t\t\t\t<div class=\"elementor-column elementor-col-50 elementor-top-column elementor-element elementor-element-0a75c4d\" data-id=\"0a75c4d\" data-element_type=\"column\">\n\t\t\t<div class=\"elementor-widget-wrap elementor-element-populated\">\n\t\t\t\t\t\t<div class=\"elementor-element elementor-element-ef007bb elementor-widget elementor-widget-button\" data-id=\"ef007bb\" data-element_type=\"widget\" data-widget_type=\"button.default\">\n\t\t\t\t<div class=\"elementor-widget-container\">\n\t\t\t\t\t\t\t\t\t<div class=\"elementor-button-wrapper\">\n\t\t\t\t\t<a class=\"elementor-button elementor-button-link elementor-size-sm\" href=\"https:\/\/www.globalpumps.com.au\/\" target=\"_blank\">\n\t\t\t\t\t\t<span class=\"elementor-button-content-wrapper\">\n\t\t\t\t\t\t<span class=\"elementor-button-icon\">\n\t\t\t\t<i aria-hidden=\"true\" class=\"fas fa-arrow-right\"><\/i>\t\t\t<\/span>\n\t\t\t\t\t\t\t\t\t<span class=\"elementor-button-text\">IR AL SITIO WEB<\/span>\n\t\t\t\t\t<\/span>\n\t\t\t\t\t<\/a>\n\t\t\t\t<\/div>\n\t\t\t\t\t\t\t\t<\/div>\n\t\t\t\t<\/div>\n\t\t\t\t\t<\/div>\n\t\t<\/div>\n\t\t\t\t\t<\/div>\n\t\t<\/section>\n\t\t\t\t<section class=\"elementor-section elementor-top-section elementor-element elementor-element-bf8a047 elementor-section-full_width elementor-section-height-default elementor-section-height-default\" data-id=\"bf8a047\" data-element_type=\"section\" data-settings=\"{&quot;jet_parallax_layout_list&quot;:[]}\">\n\t\t\t\t\t\t<div class=\"elementor-container elementor-column-gap-no\">\n\t\t\t\t\t<div class=\"elementor-column elementor-col-50 elementor-top-column elementor-element elementor-element-3ebf38d\" data-id=\"3ebf38d\" data-element_type=\"column\">\n\t\t\t<div class=\"elementor-widget-wrap\">\n\t\t\t\t\t\t\t<\/div>\n\t\t<\/div>\n\t\t\t\t<div class=\"elementor-column elementor-col-50 elementor-top-column elementor-element elementor-element-6d4675d\" data-id=\"6d4675d\" data-element_type=\"column\" data-settings=\"{&quot;background_background&quot;:&quot;classic&quot;}\">\n\t\t\t<div class=\"elementor-widget-wrap elementor-element-populated\">\n\t\t\t\t\t\t<div class=\"elementor-element elementor-element-6ab43c7 elementor-widget elementor-widget-spacer\" data-id=\"6ab43c7\" data-element_type=\"widget\" data-widget_type=\"spacer.default\">\n\t\t\t\t<div class=\"elementor-widget-container\">\n\t\t\t\t\t\t\t<div class=\"elementor-spacer\">\n\t\t\t<div class=\"elementor-spacer-inner\"><\/div>\n\t\t<\/div>\n\t\t\t\t\t\t<\/div>\n\t\t\t\t<\/div>\n\t\t\t\t\t<\/div>\n\t\t<\/div>\n\t\t\t\t\t<\/div>\n\t\t<\/section>\n\t\t\t\t<section class=\"elementor-section elementor-top-section elementor-element elementor-element-6c16875 elementor-section-boxed elementor-section-height-default elementor-section-height-default\" data-id=\"6c16875\" data-element_type=\"section\" data-settings=\"{&quot;jet_parallax_layout_list&quot;:[]}\">\n\t\t\t\t\t\t<div class=\"elementor-container elementor-column-gap-default\">\n\t\t\t\t\t<div class=\"elementor-column elementor-col-50 elementor-top-column elementor-element elementor-element-761bc12\" data-id=\"761bc12\" data-element_type=\"column\">\n\t\t\t<div class=\"elementor-widget-wrap elementor-element-populated\">\n\t\t\t\t\t\t<div class=\"elementor-element elementor-element-c058ebb elementor-widget elementor-widget-heading\" data-id=\"c058ebb\" data-element_type=\"widget\" data-widget_type=\"heading.default\">\n\t\t\t\t<div class=\"elementor-widget-container\">\n\t\t\t\t\t<h2 class=\"elementor-heading-title elementor-size-default\">RESOLVIENDO<br>\nDESAF\u00cdOS<br>\nBOMBEO PARA TUS<br>\nDIF\u00cdCILES.<\/h2>\t\t\t\t<\/div>\n\t\t\t\t<\/div>\n\t\t\t\t\t<\/div>\n\t\t<\/div>\n\t\t\t\t<div class=\"elementor-column elementor-col-50 elementor-top-column elementor-element elementor-element-4bddbdf\" data-id=\"4bddbdf\" data-element_type=\"column\">\n\t\t\t<div class=\"elementor-widget-wrap elementor-element-populated\">\n\t\t\t\t\t\t<div class=\"elementor-element elementor-element-1256618 elementor-widget elementor-widget-text-editor\" data-id=\"1256618\" data-element_type=\"widget\" data-widget_type=\"text-editor.default\">\n\t\t\t\t<div class=\"elementor-widget-container\">\n\t\t\t\t\t\t\t\t\t<p>Fundada en 1977 (originalmente como All Pumps Supplies), Global Pumps ofrece soluciones innovadoras para aplicaciones de bombeo complejas y desafiantes, con un enfoque inquebrantable en la confiabilidad.<\/p><p>Estamos comprometidos con brindar soluciones \u00fanicas de bombeo, seleccionadas a partir de una amplia gama de tecnolog\u00edas innovadoras y de vanguardia a nivel global. Pensamos fuera de lo convencional para ofrecer la mejor soluci\u00f3n posible, sin estar atados a la oferta de ning\u00fan fabricante en particular.<\/p>\t\t\t\t\t\t\t\t<\/div>\n\t\t\t\t<\/div>\n\t\t\t\t\t<\/div>\n\t\t<\/div>\n\t\t\t\t\t<\/div>\n\t\t<\/section>\n\t\t\t\t<section class=\"elementor-section elementor-top-section elementor-element elementor-element-f2906b1 elementor-hidden-desktop elementor-hidden-tablet elementor-hidden-mobile elementor-section-boxed elementor-section-height-default elementor-section-height-default\" data-id=\"f2906b1\" data-element_type=\"section\" data-settings=\"{&quot;background_background&quot;:&quot;classic&quot;,&quot;jet_parallax_layout_list&quot;:[]}\">\n\t\t\t\t\t\t<div class=\"elementor-container elementor-column-gap-default\">\n\t\t\t\t\t<div class=\"elementor-column elementor-col-100 elementor-top-column elementor-element elementor-element-e9a3345\" data-id=\"e9a3345\" data-element_type=\"column\">\n\t\t\t<div class=\"elementor-widget-wrap elementor-element-populated\">\n\t\t\t\t\t\t<div class=\"elementor-element elementor-element-22e9627 elementor-widget elementor-widget-heading\" data-id=\"22e9627\" data-element_type=\"widget\" data-widget_type=\"heading.default\">\n\t\t\t\t<div class=\"elementor-widget-container\">\n\t\t\t\t\t<h2 class=\"elementor-heading-title elementor-size-default\">CASOS DE \u00c9XTITO<\/h2>\t\t\t\t<\/div>\n\t\t\t\t<\/div>\n\t\t\t\t\t<\/div>\n\t\t<\/div>\n\t\t\t\t\t<\/div>\n\t\t<\/section>\n\t\t\t\t<section class=\"elementor-section elementor-top-section elementor-element elementor-element-2b93662 elementor-hidden-desktop elementor-hidden-tablet elementor-hidden-mobile elementor-section-boxed elementor-section-height-default elementor-section-height-default\" data-id=\"2b93662\" data-element_type=\"section\" data-settings=\"{&quot;background_background&quot;:&quot;classic&quot;,&quot;jet_parallax_layout_list&quot;:[]}\">\n\t\t\t\t\t\t<div class=\"elementor-container elementor-column-gap-default\">\n\t\t\t\t\t<div class=\"elementor-column elementor-col-100 elementor-top-column elementor-element elementor-element-68d1b8b\" data-id=\"68d1b8b\" data-element_type=\"column\">\n\t\t\t<div class=\"elementor-widget-wrap elementor-element-populated\">\n\t\t\t\t\t\t<div class=\"elementor-element elementor-element-81bf1d8 elementor-widget elementor-widget-jet-listing-grid\" data-id=\"81bf1d8\" data-element_type=\"widget\" data-settings=\"{&quot;columns&quot;:3,&quot;columns_tablet&quot;:&quot;2&quot;,&quot;columns_mobile&quot;:&quot;1&quot;}\" data-widget_type=\"jet-listing-grid.default\">\n\t\t\t\t<div class=\"elementor-widget-container\">\n\t\t\t\t\t<div class=\"jet-listing-grid jet-listing\"><div class=\"jet-listing-not-found jet-listing-grid__items\" data-nav=\"{&quot;enabled&quot;:false,&quot;type&quot;:null,&quot;more_el&quot;:null,&quot;query&quot;:[],&quot;widget_settings&quot;:{&quot;lisitng_id&quot;:339,&quot;posts_num&quot;:6,&quot;columns&quot;:3,&quot;columns_tablet&quot;:2,&quot;columns_mobile&quot;:1,&quot;column_min_width&quot;:240,&quot;column_min_width_tablet&quot;:240,&quot;column_min_width_mobile&quot;:240,&quot;inline_columns_css&quot;:false,&quot;is_archive_template&quot;:&quot;&quot;,&quot;post_status&quot;:[&quot;publish&quot;],&quot;use_random_posts_num&quot;:&quot;&quot;,&quot;max_posts_num&quot;:9,&quot;not_found_message&quot;:&quot;No data was found&quot;,&quot;is_masonry&quot;:false,&quot;equal_columns_height&quot;:&quot;&quot;,&quot;use_load_more&quot;:&quot;&quot;,&quot;load_more_id&quot;:&quot;&quot;,&quot;load_more_type&quot;:&quot;click&quot;,&quot;load_more_offset&quot;:{&quot;unit&quot;:&quot;px&quot;,&quot;size&quot;:0,&quot;sizes&quot;:[]},&quot;use_custom_post_types&quot;:&quot;&quot;,&quot;custom_post_types&quot;:[],&quot;hide_widget_if&quot;:&quot;&quot;,&quot;carousel_enabled&quot;:&quot;&quot;,&quot;slides_to_scroll&quot;:&quot;1&quot;,&quot;arrows&quot;:&quot;true&quot;,&quot;arrow_icon&quot;:&quot;fa fa-angle-left&quot;,&quot;dots&quot;:&quot;&quot;,&quot;autoplay&quot;:&quot;true&quot;,&quot;pause_on_hover&quot;:&quot;true&quot;,&quot;autoplay_speed&quot;:5000,&quot;infinite&quot;:&quot;true&quot;,&quot;center_mode&quot;:&quot;&quot;,&quot;effect&quot;:&quot;slide&quot;,&quot;speed&quot;:500,&quot;inject_alternative_items&quot;:&quot;&quot;,&quot;injection_items&quot;:[],&quot;scroll_slider_enabled&quot;:&quot;&quot;,&quot;scroll_slider_on&quot;:[&quot;desktop&quot;,&quot;tablet&quot;,&quot;mobile&quot;],&quot;custom_query&quot;:false,&quot;custom_query_id&quot;:&quot;&quot;,&quot;_element_id&quot;:&quot;&quot;,&quot;collapse_first_last_gap&quot;:false,&quot;list_tag_selection&quot;:&quot;&quot;,&quot;list_items_wrapper_tag&quot;:&quot;div&quot;,&quot;list_item_tag&quot;:&quot;div&quot;,&quot;empty_items_wrapper_tag&quot;:&quot;div&quot;}}\" data-listing-source=\"posts\" data-listing-id=\"339\" data-query-id=\"\" data-queried-id=\"558|WP_Post\">No data was found<\/div><\/div>\t\t\t\t<\/div>\n\t\t\t\t<\/div>\n\t\t\t\t\t<\/div>\n\t\t<\/div>\n\t\t\t\t\t<\/div>\n\t\t<\/section>\n\t\t\t\t<\/div>","protected":false},"excerpt":{"rendered":"<p>VISIT WEBSITE SOLVING TOUGH PUMPING CHALLENGES. Established in 1977 (formerly as All Pumps Supplies), Global Pumps delivers innovative solutions for difficult and challenging pumping applications with an uncompromising focus on reliability. We are committed to providing unique pumping solutions from a globally sourced range of innovative and cutting-edge technologies. We think outside the square to [&hellip;]<\/p>","protected":false},"author":1,"featured_media":0,"parent":0,"menu_order":0,"comment_status":"closed","ping_status":"closed","template":"","meta":{"inline_featured_image":false,"footnotes":""},"class_list":["post-558","page","type-page","status-publish","hentry"],"yoast_head":"<!-- This site is optimized with the Yoast SEO plugin v25.4 - https:\/\/yoast.com\/wordpress\/plugins\/seo\/ -->\n<title>Oceania - Intrax<\/title>\n<meta name=\"robots\" content=\"index, follow, max-snippet:-1, max-image-preview:large, max-video-preview:-1\" \/>\n<link rel=\"canonical\" href=\"https:\/\/intraxglobal.com\/es\/oceania\/\" \/>\n<meta property=\"og:locale\" content=\"es_ES\" \/>\n<meta property=\"og:type\" content=\"article\" \/>\n<meta property=\"og:title\" content=\"Oceania - Intrax\" \/>\n<meta property=\"og:description\" content=\"VISIT WEBSITE SOLVING TOUGH PUMPING CHALLENGES. Established in 1977 (formerly as All Pumps Supplies), Global Pumps delivers innovative solutions for difficult and challenging pumping applications with an uncompromising focus on reliability. We are committed to providing unique pumping solutions from a globally sourced range of innovative and cutting-edge technologies. We think outside the square to [&hellip;]\" \/>\n<meta property=\"og:url\" content=\"https:\/\/intraxglobal.com\/es\/oceania\/\" \/>\n<meta property=\"og:site_name\" content=\"Intrax\" \/>\n<meta property=\"article:modified_time\" content=\"2025-07-01T13:09:46+00:00\" \/>\n<meta property=\"og:image\" content=\"https:\/\/intraxglobal.com\/wp-content\/uploads\/2023\/02\/globalpumpslogo.png\" \/>\n\t<meta property=\"og:image:width\" content=\"705\" \/>\n\t<meta property=\"og:image:height\" content=\"242\" \/>\n\t<meta property=\"og:image:type\" content=\"image\/png\" \/>\n<meta name=\"twitter:card\" content=\"summary_large_image\" \/>\n<meta name=\"twitter:label1\" content=\"Tiempo de lectura\" \/>\n\t<meta name=\"twitter:data1\" content=\"1 minuto\" \/>\n<script type=\"application\/ld+json\" class=\"yoast-schema-graph\">{\"@context\":\"https:\/\/schema.org\",\"@graph\":[{\"@type\":\"WebPage\",\"@id\":\"https:\/\/intraxglobal.com\/oceania\/\",\"url\":\"https:\/\/intraxglobal.com\/oceania\/\",\"name\":\"Oceania - Intrax\",\"isPartOf\":{\"@id\":\"https:\/\/intraxglobal.com\/#website\"},\"primaryImageOfPage\":{\"@id\":\"https:\/\/intraxglobal.com\/oceania\/#primaryimage\"},\"image\":{\"@id\":\"https:\/\/intraxglobal.com\/oceania\/#primaryimage\"},\"thumbnailUrl\":\"https:\/\/intraxglobal.com\/wp-content\/uploads\/2023\/02\/globalpumpslogo-300x103.png\",\"datePublished\":\"2023-02-07T16:49:22+00:00\",\"dateModified\":\"2025-07-01T13:09:46+00:00\",\"breadcrumb\":{\"@id\":\"https:\/\/intraxglobal.com\/oceania\/#breadcrumb\"},\"inLanguage\":\"es-AR\",\"potentialAction\":[{\"@type\":\"ReadAction\",\"target\":[\"https:\/\/intraxglobal.com\/oceania\/\"]}]},{\"@type\":\"ImageObject\",\"inLanguage\":\"es-AR\",\"@id\":\"https:\/\/intraxglobal.com\/oceania\/#primaryimage\",\"url\":\"https:\/\/intraxglobal.com\/wp-content\/uploads\/2023\/02\/globalpumpslogo-300x103.png\",\"contentUrl\":\"https:\/\/intraxglobal.com\/wp-content\/uploads\/2023\/02\/globalpumpslogo-300x103.png\"},{\"@type\":\"BreadcrumbList\",\"@id\":\"https:\/\/intraxglobal.com\/oceania\/#breadcrumb\",\"itemListElement\":[{\"@type\":\"ListItem\",\"position\":1,\"name\":\"Inicio\",\"item\":\"https:\/\/intraxglobal.com\/\"},{\"@type\":\"ListItem\",\"position\":2,\"name\":\"Oceania\"}]},{\"@type\":\"WebSite\",\"@id\":\"https:\/\/intraxglobal.com\/#website\",\"url\":\"https:\/\/intraxglobal.com\/\",\"name\":\"Intrax Global\",\"description\":\"Providing rapid solutions for industry\",\"publisher\":{\"@id\":\"https:\/\/intraxglobal.com\/#organization\"},\"potentialAction\":[{\"@type\":\"SearchAction\",\"target\":{\"@type\":\"EntryPoint\",\"urlTemplate\":\"https:\/\/intraxglobal.com\/?s={search_term_string}\"},\"query-input\":{\"@type\":\"PropertyValueSpecification\",\"valueRequired\":true,\"valueName\":\"search_term_string\"}}],\"inLanguage\":\"es-AR\"},{\"@type\":\"Organization\",\"@id\":\"https:\/\/intraxglobal.com\/#organization\",\"name\":\"Intrax Global\",\"url\":\"https:\/\/intraxglobal.com\/\",\"logo\":{\"@type\":\"ImageObject\",\"inLanguage\":\"es-AR\",\"@id\":\"https:\/\/intraxglobal.com\/#\/schema\/logo\/image\/\",\"url\":\"https:\/\/intraxglobal.com\/wp-content\/uploads\/2022\/12\/intrax-assets-01.svg\",\"contentUrl\":\"https:\/\/intraxglobal.com\/wp-content\/uploads\/2022\/12\/intrax-assets-01.svg\",\"width\":68,\"height\":68,\"caption\":\"Intrax Global\"},\"image\":{\"@id\":\"https:\/\/intraxglobal.com\/#\/schema\/logo\/image\/\"},\"sameAs\":[\"https:\/\/www.linkedin.com\/company\/intrax-global\/\"]}]}<\/script>\n<!-- \/ Yoast SEO plugin. -->","yoast_head_json":{"title":"Oceania - Intrax","robots":{"index":"index","follow":"follow","max-snippet":"max-snippet:-1","max-image-preview":"max-image-preview:large","max-video-preview":"max-video-preview:-1"},"canonical":"https:\/\/intraxglobal.com\/es\/oceania\/","og_locale":"es_ES","og_type":"article","og_title":"Oceania - Intrax","og_description":"VISIT WEBSITE SOLVING TOUGH PUMPING CHALLENGES. Established in 1977 (formerly as All Pumps Supplies), Global Pumps delivers innovative solutions for difficult and challenging pumping applications with an uncompromising focus on reliability. We are committed to providing unique pumping solutions from a globally sourced range of innovative and cutting-edge technologies. We think outside the square to [&hellip;]","og_url":"https:\/\/intraxglobal.com\/es\/oceania\/","og_site_name":"Intrax","article_modified_time":"2025-07-01T13:09:46+00:00","og_image":[{"width":705,"height":242,"url":"https:\/\/intraxglobal.com\/wp-content\/uploads\/2023\/02\/globalpumpslogo.png","type":"image\/png"}],"twitter_card":"summary_large_image","twitter_misc":{"Tiempo de lectura":"1 minuto"},"schema":{"@context":"https:\/\/schema.org","@graph":[{"@type":"WebPage","@id":"https:\/\/intraxglobal.com\/oceania\/","url":"https:\/\/intraxglobal.com\/oceania\/","name":"Oceania - Intrax","isPartOf":{"@id":"https:\/\/intraxglobal.com\/#website"},"primaryImageOfPage":{"@id":"https:\/\/intraxglobal.com\/oceania\/#primaryimage"},"image":{"@id":"https:\/\/intraxglobal.com\/oceania\/#primaryimage"},"thumbnailUrl":"https:\/\/intraxglobal.com\/wp-content\/uploads\/2023\/02\/globalpumpslogo-300x103.png","datePublished":"2023-02-07T16:49:22+00:00","dateModified":"2025-07-01T13:09:46+00:00","breadcrumb":{"@id":"https:\/\/intraxglobal.com\/oceania\/#breadcrumb"},"inLanguage":"es-AR","potentialAction":[{"@type":"ReadAction","target":["https:\/\/intraxglobal.com\/oceania\/"]}]},{"@type":"ImageObject","inLanguage":"es-AR","@id":"https:\/\/intraxglobal.com\/oceania\/#primaryimage","url":"https:\/\/intraxglobal.com\/wp-content\/uploads\/2023\/02\/globalpumpslogo-300x103.png","contentUrl":"https:\/\/intraxglobal.com\/wp-content\/uploads\/2023\/02\/globalpumpslogo-300x103.png"},{"@type":"BreadcrumbList","@id":"https:\/\/intraxglobal.com\/oceania\/#breadcrumb","itemListElement":[{"@type":"ListItem","position":1,"name":"Inicio","item":"https:\/\/intraxglobal.com\/"},{"@type":"ListItem","position":2,"name":"Oceania"}]},{"@type":"WebSite","@id":"https:\/\/intraxglobal.com\/#website","url":"https:\/\/intraxglobal.com\/","name":"Intrax Global","description":"Providing rapid solutions for industry","publisher":{"@id":"https:\/\/intraxglobal.com\/#organization"},"potentialAction":[{"@type":"SearchAction","target":{"@type":"EntryPoint","urlTemplate":"https:\/\/intraxglobal.com\/?s={search_term_string}"},"query-input":{"@type":"PropertyValueSpecification","valueRequired":true,"valueName":"search_term_string"}}],"inLanguage":"es-AR"},{"@type":"Organization","@id":"https:\/\/intraxglobal.com\/#organization","name":"Intrax Global","url":"https:\/\/intraxglobal.com\/","logo":{"@type":"ImageObject","inLanguage":"es-AR","@id":"https:\/\/intraxglobal.com\/#\/schema\/logo\/image\/","url":"https:\/\/intraxglobal.com\/wp-content\/uploads\/2022\/12\/intrax-assets-01.svg","contentUrl":"https:\/\/intraxglobal.com\/wp-content\/uploads\/2022\/12\/intrax-assets-01.svg","width":68,"height":68,"caption":"Intrax Global"},"image":{"@id":"https:\/\/intraxglobal.com\/#\/schema\/logo\/image\/"},"sameAs":["https:\/\/www.linkedin.com\/company\/intrax-global\/"]}]}},"_links":{"self":[{"href":"https:\/\/intraxglobal.com\/es\/wp-json\/wp\/v2\/pages\/558","targetHints":{"allow":["GET"]}}],"collection":[{"href":"https:\/\/intraxglobal.com\/es\/wp-json\/wp\/v2\/pages"}],"about":[{"href":"https:\/\/intraxglobal.com\/es\/wp-json\/wp\/v2\/types\/page"}],"author":[{"embeddable":true,"href":"https:\/\/intraxglobal.com\/es\/wp-json\/wp\/v2\/users\/1"}],"replies":[{"embeddable":true,"href":"https:\/\/intraxglobal.com\/es\/wp-json\/wp\/v2\/comments?post=558"}],"version-history":[{"count":29,"href":"https:\/\/intraxglobal.com\/es\/wp-json\/wp\/v2\/pages\/558\/revisions"}],"predecessor-version":[{"id":1590,"href":"https:\/\/intraxglobal.com\/es\/wp-json\/wp\/v2\/pages\/558\/revisions\/1590"}],"wp:attachment":[{"href":"https:\/\/intraxglobal.com\/es\/wp-json\/wp\/v2\/media?parent=558"}],"curies":[{"name":"wp","href":"https:\/\/api.w.org\/{rel}","templated":true}]}}