{"id":768,"date":"2023-05-26T10:24:08","date_gmt":"2023-05-26T13:24:08","guid":{"rendered":"https:\/\/allpumps.com.ar\/intraxweb\/?page_id=768"},"modified":"2025-03-25T10:31:15","modified_gmt":"2025-03-25T13:31:15","slug":"about-us","status":"publish","type":"page","link":"https:\/\/intraxglobal.com\/es\/about-us\/","title":{"rendered":"About Us"},"content":{"rendered":"<div data-elementor-type=\"wp-page\" data-elementor-id=\"768\" class=\"elementor elementor-768\" data-elementor-post-type=\"page\">\n\t\t\t\t\t\t<section class=\"elementor-section elementor-top-section elementor-element elementor-element-d760d87 elementor-section-boxed elementor-section-height-default elementor-section-height-default\" data-id=\"d760d87\" data-element_type=\"section\" data-settings=\"{&quot;jet_parallax_layout_list&quot;:[]}\">\n\t\t\t\t\t\t<div class=\"elementor-container elementor-column-gap-default\">\n\t\t\t\t\t<div class=\"elementor-column elementor-col-100 elementor-top-column elementor-element elementor-element-5fc1777\" data-id=\"5fc1777\" data-element_type=\"column\">\n\t\t\t<div class=\"elementor-widget-wrap elementor-element-populated\">\n\t\t\t\t\t\t<div class=\"elementor-element elementor-element-0e697fd elementor-widget elementor-widget-heading\" data-id=\"0e697fd\" data-element_type=\"widget\" data-widget_type=\"heading.default\">\n\t\t\t\t<div class=\"elementor-widget-container\">\n\t\t\t\t\t<h2 class=\"elementor-heading-title elementor-size-default\">SOBRE NOSOTROS<\/h2>\t\t\t\t<\/div>\n\t\t\t\t<\/div>\n\t\t\t\t\t<\/div>\n\t\t<\/div>\n\t\t\t\t\t<\/div>\n\t\t<\/section>\n\t\t\t\t<section class=\"elementor-section elementor-top-section elementor-element elementor-element-6c16875 elementor-section-boxed elementor-section-height-default elementor-section-height-default\" data-id=\"6c16875\" data-element_type=\"section\" data-settings=\"{&quot;jet_parallax_layout_list&quot;:[]}\">\n\t\t\t\t\t\t<div class=\"elementor-container elementor-column-gap-default\">\n\t\t\t\t\t<div class=\"elementor-column elementor-col-50 elementor-top-column elementor-element elementor-element-761bc12\" data-id=\"761bc12\" data-element_type=\"column\">\n\t\t\t<div class=\"elementor-widget-wrap elementor-element-populated\">\n\t\t\t\t\t\t<div class=\"elementor-element elementor-element-1256618 elementor-widget elementor-widget-text-editor\" data-id=\"1256618\" data-element_type=\"widget\" data-widget_type=\"text-editor.default\">\n\t\t\t\t<div class=\"elementor-widget-container\">\n\t\t\t\t\t\t\t\t\t<p>Trabajamos con personas apasionadas que no solo cuentan con experiencia y conocimientos en bombas, sino que est\u00e1n comprometidas con mejorar la experiencia del cliente.\n Mientras muchas multinacionales apuestan por cat\u00e1logos estandarizados que no siempre responden a las necesidades reales del mercado, nosotros elegimos un enfoque m\u00e1s cercano y humano, donde cada v\u00ednculo cuenta.<\/p><ul><li>Para clientes, esto se traduce en asesoramiento y apoyo pr\u00e1ctico e innovador por parte de un gran equipo.<\/li><li>A nuestros socios y proveedores, los ayudamos a incrementar niveles de crecimiento y rendimiento saludable.<\/li><li>Para nuestro equipo, creamos un entorno din\u00e1mico con desaf\u00edos y posibilidades de crecimiento.<\/li><li>Dentro de nuestras comunidades somos conocidos por retribuir y contribuir al desarrollo social.<\/li><\/ul><p><br \/>Creamos oportunidades para que personas motivadas crezcan dentro y fuera de nuestra organizaci\u00f3n. Si busc\u00e1s mejorar (en tu desarrollo, en tu operaci\u00f3n o en tu acceso al mercado), \u00a1te damos la bienvenida en este camino!<\/p>\t\t\t\t\t\t\t\t<\/div>\n\t\t\t\t<\/div>\n\t\t\t\t\t<\/div>\n\t\t<\/div>\n\t\t\t\t<div class=\"elementor-column elementor-col-50 elementor-top-column elementor-element elementor-element-4bddbdf\" data-id=\"4bddbdf\" data-element_type=\"column\">\n\t\t\t<div class=\"elementor-widget-wrap elementor-element-populated\">\n\t\t\t\t\t\t<div class=\"elementor-element elementor-element-b39a3d2 elementor-widget elementor-widget-image\" data-id=\"b39a3d2\" data-element_type=\"widget\" data-widget_type=\"image.default\">\n\t\t\t\t<div class=\"elementor-widget-container\">\n\t\t\t\t\t\t\t\t\t\t\t\t\t\t\t<img fetchpriority=\"high\" decoding=\"async\" width=\"800\" height=\"600\" src=\"https:\/\/intraxglobal.com\/wp-content\/uploads\/2025\/03\/intrax-about-us.jpg\" class=\"attachment-large size-large wp-image-1323\" alt=\"\" srcset=\"https:\/\/intraxglobal.com\/wp-content\/uploads\/2025\/03\/intrax-about-us.jpg 800w, https:\/\/intraxglobal.com\/wp-content\/uploads\/2025\/03\/intrax-about-us-300x225.jpg 300w, https:\/\/intraxglobal.com\/wp-content\/uploads\/2025\/03\/intrax-about-us-768x576.jpg 768w\" sizes=\"(max-width: 800px) 100vw, 800px\" \/>\t\t\t\t\t\t\t\t\t\t\t\t\t\t\t<\/div>\n\t\t\t\t<\/div>\n\t\t\t\t\t<\/div>\n\t\t<\/div>\n\t\t\t\t\t<\/div>\n\t\t<\/section>\n\t\t\t\t<\/div>","protected":false},"excerpt":{"rendered":"<p>ABOUT US We work with people passionate about customer experience who also happen to be pump experts.\u00a0 In a market increasingly dominated by large multinational companies with a rationalised product range (not always to the benefit of the customer), we deliver a personalised approach with a strong people DNA. For customers this translates into practical, [&hellip;]<\/p>","protected":false},"author":1,"featured_media":0,"parent":0,"menu_order":0,"comment_status":"closed","ping_status":"closed","template":"","meta":{"inline_featured_image":false,"footnotes":""},"class_list":["post-768","page","type-page","status-publish","hentry"],"yoast_head":"<!-- This site is optimized with the Yoast SEO plugin v25.4 - https:\/\/yoast.com\/wordpress\/plugins\/seo\/ -->\n<title>About Us - Intrax<\/title>\n<meta name=\"robots\" content=\"index, follow, max-snippet:-1, max-image-preview:large, max-video-preview:-1\" \/>\n<link rel=\"canonical\" href=\"https:\/\/intraxglobal.com\/es\/about-us\/\" \/>\n<meta property=\"og:locale\" content=\"es_ES\" \/>\n<meta property=\"og:type\" content=\"article\" \/>\n<meta property=\"og:title\" content=\"About Us - Intrax\" \/>\n<meta property=\"og:description\" content=\"ABOUT US We work with people passionate about customer experience who also happen to be pump experts.\u00a0 In a market increasingly dominated by large multinational companies with a rationalised product range (not always to the benefit of the customer), we deliver a personalised approach with a strong people DNA. For customers this translates into practical, [&hellip;]\" \/>\n<meta property=\"og:url\" content=\"https:\/\/intraxglobal.com\/es\/about-us\/\" \/>\n<meta property=\"og:site_name\" content=\"Intrax\" \/>\n<meta property=\"article:modified_time\" content=\"2025-03-25T13:31:15+00:00\" \/>\n<meta property=\"og:image\" content=\"https:\/\/allpumps.com.ar\/intraxweb\/wp-content\/uploads\/2025\/03\/intrax-about-us.jpg\" \/>\n<meta name=\"twitter:card\" content=\"summary_large_image\" \/>\n<meta name=\"twitter:label1\" content=\"Tiempo de lectura\" \/>\n\t<meta name=\"twitter:data1\" content=\"1 minuto\" \/>\n<script type=\"application\/ld+json\" class=\"yoast-schema-graph\">{\"@context\":\"https:\/\/schema.org\",\"@graph\":[{\"@type\":\"WebPage\",\"@id\":\"https:\/\/intraxglobal.com\/about-us\/\",\"url\":\"https:\/\/intraxglobal.com\/about-us\/\",\"name\":\"About Us - Intrax\",\"isPartOf\":{\"@id\":\"https:\/\/intraxglobal.com\/#website\"},\"primaryImageOfPage\":{\"@id\":\"https:\/\/intraxglobal.com\/about-us\/#primaryimage\"},\"image\":{\"@id\":\"https:\/\/intraxglobal.com\/about-us\/#primaryimage\"},\"thumbnailUrl\":\"https:\/\/allpumps.com.ar\/intraxweb\/wp-content\/uploads\/2025\/03\/intrax-about-us.jpg\",\"datePublished\":\"2023-05-26T13:24:08+00:00\",\"dateModified\":\"2025-03-25T13:31:15+00:00\",\"breadcrumb\":{\"@id\":\"https:\/\/intraxglobal.com\/about-us\/#breadcrumb\"},\"inLanguage\":\"es-AR\",\"potentialAction\":[{\"@type\":\"ReadAction\",\"target\":[\"https:\/\/intraxglobal.com\/about-us\/\"]}]},{\"@type\":\"ImageObject\",\"inLanguage\":\"es-AR\",\"@id\":\"https:\/\/intraxglobal.com\/about-us\/#primaryimage\",\"url\":\"https:\/\/allpumps.com.ar\/intraxweb\/wp-content\/uploads\/2025\/03\/intrax-about-us.jpg\",\"contentUrl\":\"https:\/\/allpumps.com.ar\/intraxweb\/wp-content\/uploads\/2025\/03\/intrax-about-us.jpg\"},{\"@type\":\"BreadcrumbList\",\"@id\":\"https:\/\/intraxglobal.com\/about-us\/#breadcrumb\",\"itemListElement\":[{\"@type\":\"ListItem\",\"position\":1,\"name\":\"Inicio\",\"item\":\"https:\/\/intraxglobal.com\/\"},{\"@type\":\"ListItem\",\"position\":2,\"name\":\"About Us\"}]},{\"@type\":\"WebSite\",\"@id\":\"https:\/\/intraxglobal.com\/#website\",\"url\":\"https:\/\/intraxglobal.com\/\",\"name\":\"Intrax Global\",\"description\":\"Providing rapid solutions for industry\",\"publisher\":{\"@id\":\"https:\/\/intraxglobal.com\/#organization\"},\"potentialAction\":[{\"@type\":\"SearchAction\",\"target\":{\"@type\":\"EntryPoint\",\"urlTemplate\":\"https:\/\/intraxglobal.com\/?s={search_term_string}\"},\"query-input\":{\"@type\":\"PropertyValueSpecification\",\"valueRequired\":true,\"valueName\":\"search_term_string\"}}],\"inLanguage\":\"es-AR\"},{\"@type\":\"Organization\",\"@id\":\"https:\/\/intraxglobal.com\/#organization\",\"name\":\"Intrax Global\",\"url\":\"https:\/\/intraxglobal.com\/\",\"logo\":{\"@type\":\"ImageObject\",\"inLanguage\":\"es-AR\",\"@id\":\"https:\/\/intraxglobal.com\/#\/schema\/logo\/image\/\",\"url\":\"https:\/\/intraxglobal.com\/wp-content\/uploads\/2022\/12\/intrax-assets-01.svg\",\"contentUrl\":\"https:\/\/intraxglobal.com\/wp-content\/uploads\/2022\/12\/intrax-assets-01.svg\",\"width\":68,\"height\":68,\"caption\":\"Intrax Global\"},\"image\":{\"@id\":\"https:\/\/intraxglobal.com\/#\/schema\/logo\/image\/\"},\"sameAs\":[\"https:\/\/www.linkedin.com\/company\/intrax-global\/\"]}]}<\/script>\n<!-- \/ Yoast SEO plugin. -->","yoast_head_json":{"title":"About Us - Intrax","robots":{"index":"index","follow":"follow","max-snippet":"max-snippet:-1","max-image-preview":"max-image-preview:large","max-video-preview":"max-video-preview:-1"},"canonical":"https:\/\/intraxglobal.com\/es\/about-us\/","og_locale":"es_ES","og_type":"article","og_title":"About Us - Intrax","og_description":"ABOUT US We work with people passionate about customer experience who also happen to be pump experts.\u00a0 In a market increasingly dominated by large multinational companies with a rationalised product range (not always to the benefit of the customer), we deliver a personalised approach with a strong people DNA. For customers this translates into practical, [&hellip;]","og_url":"https:\/\/intraxglobal.com\/es\/about-us\/","og_site_name":"Intrax","article_modified_time":"2025-03-25T13:31:15+00:00","og_image":[{"url":"https:\/\/allpumps.com.ar\/intraxweb\/wp-content\/uploads\/2025\/03\/intrax-about-us.jpg","type":"","width":"","height":""}],"twitter_card":"summary_large_image","twitter_misc":{"Tiempo de lectura":"1 minuto"},"schema":{"@context":"https:\/\/schema.org","@graph":[{"@type":"WebPage","@id":"https:\/\/intraxglobal.com\/about-us\/","url":"https:\/\/intraxglobal.com\/about-us\/","name":"About Us - Intrax","isPartOf":{"@id":"https:\/\/intraxglobal.com\/#website"},"primaryImageOfPage":{"@id":"https:\/\/intraxglobal.com\/about-us\/#primaryimage"},"image":{"@id":"https:\/\/intraxglobal.com\/about-us\/#primaryimage"},"thumbnailUrl":"https:\/\/allpumps.com.ar\/intraxweb\/wp-content\/uploads\/2025\/03\/intrax-about-us.jpg","datePublished":"2023-05-26T13:24:08+00:00","dateModified":"2025-03-25T13:31:15+00:00","breadcrumb":{"@id":"https:\/\/intraxglobal.com\/about-us\/#breadcrumb"},"inLanguage":"es-AR","potentialAction":[{"@type":"ReadAction","target":["https:\/\/intraxglobal.com\/about-us\/"]}]},{"@type":"ImageObject","inLanguage":"es-AR","@id":"https:\/\/intraxglobal.com\/about-us\/#primaryimage","url":"https:\/\/allpumps.com.ar\/intraxweb\/wp-content\/uploads\/2025\/03\/intrax-about-us.jpg","contentUrl":"https:\/\/allpumps.com.ar\/intraxweb\/wp-content\/uploads\/2025\/03\/intrax-about-us.jpg"},{"@type":"BreadcrumbList","@id":"https:\/\/intraxglobal.com\/about-us\/#breadcrumb","itemListElement":[{"@type":"ListItem","position":1,"name":"Inicio","item":"https:\/\/intraxglobal.com\/"},{"@type":"ListItem","position":2,"name":"About Us"}]},{"@type":"WebSite","@id":"https:\/\/intraxglobal.com\/#website","url":"https:\/\/intraxglobal.com\/","name":"Intrax Global","description":"Providing rapid solutions for industry","publisher":{"@id":"https:\/\/intraxglobal.com\/#organization"},"potentialAction":[{"@type":"SearchAction","target":{"@type":"EntryPoint","urlTemplate":"https:\/\/intraxglobal.com\/?s={search_term_string}"},"query-input":{"@type":"PropertyValueSpecification","valueRequired":true,"valueName":"search_term_string"}}],"inLanguage":"es-AR"},{"@type":"Organization","@id":"https:\/\/intraxglobal.com\/#organization","name":"Intrax Global","url":"https:\/\/intraxglobal.com\/","logo":{"@type":"ImageObject","inLanguage":"es-AR","@id":"https:\/\/intraxglobal.com\/#\/schema\/logo\/image\/","url":"https:\/\/intraxglobal.com\/wp-content\/uploads\/2022\/12\/intrax-assets-01.svg","contentUrl":"https:\/\/intraxglobal.com\/wp-content\/uploads\/2022\/12\/intrax-assets-01.svg","width":68,"height":68,"caption":"Intrax Global"},"image":{"@id":"https:\/\/intraxglobal.com\/#\/schema\/logo\/image\/"},"sameAs":["https:\/\/www.linkedin.com\/company\/intrax-global\/"]}]}},"_links":{"self":[{"href":"https:\/\/intraxglobal.com\/es\/wp-json\/wp\/v2\/pages\/768","targetHints":{"allow":["GET"]}}],"collection":[{"href":"https:\/\/intraxglobal.com\/es\/wp-json\/wp\/v2\/pages"}],"about":[{"href":"https:\/\/intraxglobal.com\/es\/wp-json\/wp\/v2\/types\/page"}],"author":[{"embeddable":true,"href":"https:\/\/intraxglobal.com\/es\/wp-json\/wp\/v2\/users\/1"}],"replies":[{"embeddable":true,"href":"https:\/\/intraxglobal.com\/es\/wp-json\/wp\/v2\/comments?post=768"}],"version-history":[{"count":16,"href":"https:\/\/intraxglobal.com\/es\/wp-json\/wp\/v2\/pages\/768\/revisions"}],"predecessor-version":[{"id":1326,"href":"https:\/\/intraxglobal.com\/es\/wp-json\/wp\/v2\/pages\/768\/revisions\/1326"}],"wp:attachment":[{"href":"https:\/\/intraxglobal.com\/es\/wp-json\/wp\/v2\/media?parent=768"}],"curies":[{"name":"wp","href":"https:\/\/api.w.org\/{rel}","templated":true}]}}